{"id":7762,"date":"2025-05-22T18:56:16","date_gmt":"2025-05-22T11:56:16","guid":{"rendered":"https:\/\/lovinbot.ai\/?page_id=7762"},"modified":"2025-05-29T03:55:19","modified_gmt":"2025-05-28T20:55:19","slug":"lien-he","status":"publish","type":"page","link":"https:\/\/lovinbot.ai\/en\/lien-he\/","title":{"rendered":"Li\u00ean h\u1ec7"},"content":{"rendered":"<div data-elementor-type=\"wp-page\" data-elementor-id=\"7762\" class=\"elementor elementor-7762\" data-elementor-post-type=\"page\">\n\t\t\t\t<div class=\"elementor-element elementor-element-4fc3eb5 e-flex e-con-boxed e-con e-parent\" data-id=\"4fc3eb5\" data-element_type=\"container\">\n\t\t\t\t\t<div class=\"e-con-inner\">\n\t\t<div class=\"elementor-element elementor-element-5d11b9c e-con-full e-flex e-con e-child\" data-id=\"5d11b9c\" data-element_type=\"container\">\n\t\t\t\t<div class=\"elementor-element elementor-element-def7019 elementor-widget elementor-widget-heading\" data-id=\"def7019\" data-element_type=\"widget\" data-widget_type=\"heading.default\">\n\t\t\t\t<div class=\"elementor-widget-container\">\n\t\t\t\t\t<span class=\"elementor-heading-title elementor-size-default\">H\u00c3Y G\u1eecI Y\u00caU C\u1ea6U \u0110\u1ebeN LOVINBOT<\/span>\t\t\t\t<\/div>\n\t\t\t\t<\/div>\n\t\t\t\t<div class=\"elementor-element elementor-element-dde092b elementor-widget elementor-widget-heading\" data-id=\"dde092b\" data-element_type=\"widget\" data-widget_type=\"heading.default\">\n\t\t\t\t<div class=\"elementor-widget-container\">\n\t\t\t\t\t<span class=\"elementor-heading-title elementor-size-default\">Ch\u00fang t\u00f4i s\u1ebd ph\u1ea3n h\u1ed3i s\u1edbm nh\u1ea5t c\u00f3 th\u1ec3<\/span>\t\t\t\t<\/div>\n\t\t\t\t<\/div>\n\t\t\t\t<div class=\"elementor-element elementor-element-d19ed7a elementor-button-align-center elementor-widget elementor-widget-form\" data-id=\"d19ed7a\" data-element_type=\"widget\" data-settings=\"{&quot;step_next_label&quot;:&quot;Next&quot;,&quot;step_previous_label&quot;:&quot;Previous&quot;,&quot;button_width&quot;:&quot;100&quot;,&quot;step_type&quot;:&quot;number_text&quot;,&quot;step_icon_shape&quot;:&quot;circle&quot;}\" data-widget_type=\"form.default\">\n\t\t\t\t<div class=\"elementor-widget-container\">\n\t\t\t\t\t\t\t<form class=\"elementor-form\" method=\"post\" name=\"Form trang li\u00ean h\u1ec7\" action=\"\">\n\t\t\t<input type=\"hidden\" name=\"post_id\" value=\"7762\"\/>\n\t\t\t<input type=\"hidden\" name=\"form_id\" value=\"d19ed7a\"\/>\n\t\t\t<input type=\"hidden\" name=\"referer_title\" value=\"\" \/>\n\n\t\t\t\n\t\t\t<div class=\"elementor-form-fields-wrapper elementor-labels-above\">\n\t\t\t\t\t\t\t\t<div class=\"elementor-field-type-text elementor-field-group elementor-column elementor-field-group-name elementor-col-50\">\n\t\t\t\t\t\t\t\t\t\t\t\t\t<input size=\"1\" type=\"text\" name=\"form_fields[name]\" id=\"form-field-name\" class=\"elementor-field elementor-size-sm  elementor-field-textual\" placeholder=\"*H\u1ecd v\u00e0 t\u00ean\">\n\t\t\t\t\t\t\t\t\t\t\t<\/div>\n\t\t\t\t\t\t\t\t<div class=\"elementor-field-type-email elementor-field-group elementor-column elementor-field-group-email elementor-col-50 elementor-field-required\">\n\t\t\t\t\t\t\t\t\t\t\t\t\t<input size=\"1\" type=\"email\" name=\"form_fields[email]\" id=\"form-field-email\" class=\"elementor-field elementor-size-sm  elementor-field-textual\" placeholder=\"*Email\" required=\"required\" aria-required=\"true\">\n\t\t\t\t\t\t\t\t\t\t\t<\/div>\n\t\t\t\t\t\t\t\t<div class=\"elementor-field-type-tel elementor-field-group elementor-column elementor-field-group-field_57d0bbb elementor-col-50\">\n\t\t\t\t\t\t\t<input size=\"1\" type=\"tel\" name=\"form_fields[field_57d0bbb]\" id=\"form-field-field_57d0bbb\" class=\"elementor-field elementor-size-sm  elementor-field-textual\" placeholder=\"*S\u1ed1 \u0111i\u1ec7n tho\u1ea1i\" pattern=\"[0-9()#&amp;+*-=.]+\" title=\"Only numbers and phone characters (#, -, *, etc) are accepted.\">\n\n\t\t\t\t\t\t<\/div>\n\t\t\t\t\t\t\t\t<div class=\"elementor-field-type-text elementor-field-group elementor-column elementor-field-group-field_2c31937 elementor-col-50\">\n\t\t\t\t\t\t\t\t\t\t\t\t\t<input size=\"1\" type=\"text\" name=\"form_fields[field_2c31937]\" id=\"form-field-field_2c31937\" class=\"elementor-field elementor-size-sm  elementor-field-textual\" placeholder=\"*L\u0129nh v\u1ef1c kinh doanh\">\n\t\t\t\t\t\t\t\t\t\t\t<\/div>\n\t\t\t\t\t\t\t\t<div class=\"elementor-field-type-text elementor-field-group elementor-column elementor-field-group-field_ebe2972 elementor-col-50\">\n\t\t\t\t\t\t\t\t\t\t\t\t\t<input size=\"1\" type=\"text\" name=\"form_fields[field_ebe2972]\" id=\"form-field-field_ebe2972\" class=\"elementor-field elementor-size-sm  elementor-field-textual\" placeholder=\"*S\u1ed1 l\u01b0\u1ee3ng nh\u00e2n s\u1ef1\">\n\t\t\t\t\t\t\t\t\t\t\t<\/div>\n\t\t\t\t\t\t\t\t<div class=\"elementor-field-type-text elementor-field-group elementor-column elementor-field-group-field_0545338 elementor-col-50\">\n\t\t\t\t\t\t\t\t\t\t\t\t\t<input size=\"1\" type=\"text\" name=\"form_fields[field_0545338]\" id=\"form-field-field_0545338\" class=\"elementor-field elementor-size-sm  elementor-field-textual\" placeholder=\"*M\u1ee5c ti\u00eau tri\u1ec3n khai\">\n\t\t\t\t\t\t\t\t\t\t\t<\/div>\n\t\t\t\t\t\t\t\t<div class=\"elementor-field-group elementor-column elementor-field-type-submit elementor-col-100 e-form__buttons\">\n\t\t\t\t\t<button type=\"submit\" class=\"elementor-button elementor-size-sm elementor-animation-pulse-grow\">\n\t\t\t\t\t\t<span >\n\t\t\t\t\t\t\t\t\t\t\t\t\t\t\t<span class=\"elementor-button-icon\">\n\t\t\t\t\t\t\t\t\t\t\t\t\t\t\t\t\t\t\t\t\t\t\t\t\t\t<\/span>\n\t\t\t\t\t\t\t\t\t\t\t\t\t\t\t\t\t\t\t\t\t\t<span class=\"elementor-button-text\">\u0110\u0102NG K\u00dd <\/span>\n\t\t\t\t\t\t\t\t\t\t\t\t\t<\/span>\n\t\t\t\t\t<\/button>\n\t\t\t\t<\/div>\n\t\t\t<\/div>\n\t\t<input type=\"hidden\" name=\"trp-form-language\" value=\"en\"\/><\/form>\n\t\t\t\t\t\t<\/div>\n\t\t\t\t<\/div>\n\t\t\t\t<\/div>\n\t\t\t\t\t<\/div>\n\t\t\t\t<\/div>\n\t\t\t\t<\/div>","protected":false},"excerpt":{"rendered":"<p>H\u00c3Y G\u1eecI Y\u00caU C\u1ea6U \u0110\u1ebeN LOVINBOT Ch\u00fang t\u00f4i s\u1ebd ph\u1ea3n h\u1ed3i s\u1edbm nh\u1ea5t c\u00f3 th\u1ec3<\/p>","protected":false},"author":5,"featured_media":6281,"parent":0,"menu_order":0,"comment_status":"closed","ping_status":"closed","template":"template-homepage.php","meta":{"footnotes":""},"class_list":["post-7762","page","type-page","status-publish","has-post-thumbnail","hentry"],"_links":{"self":[{"href":"https:\/\/lovinbot.ai\/en\/wp-json\/wp\/v2\/pages\/7762","targetHints":{"allow":["GET"]}}],"collection":[{"href":"https:\/\/lovinbot.ai\/en\/wp-json\/wp\/v2\/pages"}],"about":[{"href":"https:\/\/lovinbot.ai\/en\/wp-json\/wp\/v2\/types\/page"}],"author":[{"embeddable":true,"href":"https:\/\/lovinbot.ai\/en\/wp-json\/wp\/v2\/users\/5"}],"replies":[{"embeddable":true,"href":"https:\/\/lovinbot.ai\/en\/wp-json\/wp\/v2\/comments?post=7762"}],"version-history":[{"count":85,"href":"https:\/\/lovinbot.ai\/en\/wp-json\/wp\/v2\/pages\/7762\/revisions"}],"predecessor-version":[{"id":7929,"href":"https:\/\/lovinbot.ai\/en\/wp-json\/wp\/v2\/pages\/7762\/revisions\/7929"}],"wp:featuredmedia":[{"embeddable":true,"href":"https:\/\/lovinbot.ai\/en\/wp-json\/wp\/v2\/media\/6281"}],"wp:attachment":[{"href":"https:\/\/lovinbot.ai\/en\/wp-json\/wp\/v2\/media?parent=7762"}],"curies":[{"name":"wp","href":"https:\/\/api.w.org\/{rel}","templated":true}]}}