{"id":7707,"date":"2025-05-21T15:25:16","date_gmt":"2025-05-21T08:25:16","guid":{"rendered":"https:\/\/lovinbot.ai\/?page_id=7707"},"modified":"2025-06-23T12:10:54","modified_gmt":"2025-06-23T05:10:54","slug":"thu-vien-ebook","status":"publish","type":"page","link":"https:\/\/lovinbot.ai\/en\/thu-vien-ebook\/","title":{"rendered":"Ebooks"},"content":{"rendered":"<div data-elementor-type=\"wp-page\" data-elementor-id=\"7707\" class=\"elementor elementor-7707\" data-elementor-post-type=\"page\">\n\t\t\t\t\t\t<section class=\"elementor-section elementor-top-section elementor-element elementor-element-8540902 elementor-section-full_width elementor-section-height-default elementor-section-height-default\" data-id=\"8540902\" data-element_type=\"section\" data-settings=\"{&quot;background_background&quot;:&quot;classic&quot;}\">\n\t\t\t\t\t\t<div class=\"elementor-container elementor-column-gap-no\">\n\t\t\t\t\t<div class=\"elementor-column elementor-col-100 elementor-top-column elementor-element elementor-element-0d3e859\" data-id=\"0d3e859\" data-element_type=\"column\">\n\t\t\t<div class=\"elementor-widget-wrap elementor-element-populated\">\n\t\t\t\t\t\t<section class=\"elementor-section elementor-inner-section elementor-element elementor-element-13e0833 elementor-section-full_width elementor-section-content-middle position-absolute elementor-section-height-default elementor-section-height-default\" data-id=\"13e0833\" data-element_type=\"section\" data-settings=\"{&quot;background_background&quot;:&quot;classic&quot;}\">\n\t\t\t\t\t\t<div class=\"elementor-container elementor-column-gap-default\">\n\t\t\t\t\t<div class=\"elementor-column elementor-col-33 elementor-inner-column elementor-element elementor-element-ea3febe\" data-id=\"ea3febe\" data-element_type=\"column\">\n\t\t\t<div class=\"elementor-widget-wrap elementor-element-populated\">\n\t\t\t\t\t\t<div class=\"elementor-element elementor-element-74dc9b1 elementor-widget elementor-widget-nioland-logo-v1\" data-id=\"74dc9b1\" data-element_type=\"widget\" data-widget_type=\"nioland-logo-v1.default\">\n\t\t\t\t<div class=\"elementor-widget-container\">\n\t\t\t\t\t<div class=\"logo_box\">\r\n    <a href=\"https:\/\/lovinbot.ai\/en\" class=\"logo navbar-brand\"\r\n        >\r\n        <img decoding=\"async\" src=\"https:\/\/lovinbot.ai\/wp-content\/uploads\/2023\/05\/lovinbot-logo-new-1.png\"\r\n            alt=\"LovinBot - AI White Label\" class=\"logo_default\">\r\n    <\/a>\r\n<\/div>\r\n\t\t\t\t<\/div>\n\t\t\t\t<\/div>\n\t\t\t\t\t<\/div>\n\t\t<\/div>\n\t\t\t\t<div class=\"elementor-column elementor-col-33 elementor-inner-column elementor-element elementor-element-b33f3df\" data-id=\"b33f3df\" data-element_type=\"column\">\n\t\t\t<div class=\"elementor-widget-wrap elementor-element-populated\">\n\t\t\t\t\t\t<div class=\"elementor-element elementor-element-9dd409e elementor-widget__width-initial elementor-widget elementor-widget-copygen-themebtns-v1\" data-id=\"9dd409e\" data-element_type=\"widget\" data-widget_type=\"copygen-themebtns-v1.default\">\n\t\t\t\t<div class=\"elementor-widget-container\">\n\t\t\t\t\t \r\n                <div class=\"theme_btn_all\">\r\n            <a class=\"show-all\" href=\"https:\/\/app.lovinbot.ai\/signin\"   target=\"&quot;_blank&quot;\"  rel=\"&quot;nofollow&quot;\">\r\n                                                                                    \u0110\u0103ng Nh\u1eadp                                                                            <\/a> \r\n        <\/div>\r\n                    \t\t\t\t<\/div>\n\t\t\t\t<\/div>\n\t\t\t\t\t<\/div>\n\t\t<\/div>\n\t\t\t\t<div class=\"elementor-column elementor-col-33 elementor-inner-column elementor-element elementor-element-01e88e5\" data-id=\"01e88e5\" data-element_type=\"column\">\n\t\t\t<div class=\"elementor-widget-wrap elementor-element-populated\">\n\t\t\t\t\t\t<div class=\"elementor-element elementor-element-76b74fd elementor-widget elementor-widget-copygen-themebtns-v1\" data-id=\"76b74fd\" data-element_type=\"widget\" data-widget_type=\"copygen-themebtns-v1.default\">\n\t\t\t\t<div class=\"elementor-widget-container\">\n\t\t\t\t\t \r\n                        <div class=\"theme_btn_all\">\r\n            <a href=\"https:\/\/app.lovinbot.ai\/signup\"   target=\"&quot;_blank&quot;\"  rel=\"&quot;nofollow&quot;\" class=\"theme_btn\">\r\n                                                    \t\r\n                \t\r\n                                                    \u0110\u0103ng K\u00fd Ngay                                                                                                                                                    <div class=\"icon\">\r\n                                <i class=\"copy-log-in\"><\/i>\r\n                            <\/div> \r\n                            \t\t\r\n                                            \t\r\n                \t\r\n                            <\/a>\r\n        <\/div>\r\n        \t\t\t\t<\/div>\n\t\t\t\t<\/div>\n\t\t\t\t\t<\/div>\n\t\t<\/div>\n\t\t\t\t\t<\/div>\n\t\t<\/section>\n\t\t\t\t\t<\/div>\n\t\t<\/div>\n\t\t\t\t\t<\/div>\n\t\t<\/section>\n\t\t<div class=\"elementor-element elementor-element-15128c7 e-con-full e-flex e-con e-parent\" data-id=\"15128c7\" data-element_type=\"container\" data-settings=\"{&quot;background_background&quot;:&quot;classic&quot;}\">\n\t\t<div class=\"elementor-element elementor-element-b18258f e-con-full e-flex e-con e-child\" data-id=\"b18258f\" data-element_type=\"container\" data-settings=\"{&quot;background_background&quot;:&quot;classic&quot;}\">\n\t\t<div class=\"elementor-element elementor-element-37b0c12 e-con-full e-flex e-con e-child\" data-id=\"37b0c12\" data-element_type=\"container\" data-settings=\"{&quot;background_background&quot;:&quot;classic&quot;}\">\n\t\t<div class=\"elementor-element elementor-element-a086264 e-con-full e-flex e-con e-child\" data-id=\"a086264\" data-element_type=\"container\" data-settings=\"{&quot;background_background&quot;:&quot;classic&quot;}\">\n\t\t\t\t<div class=\"elementor-element elementor-element-30a3e54 elementor-widget__width-initial elementor-widget elementor-widget-heading\" data-id=\"30a3e54\" data-element_type=\"widget\" data-widget_type=\"heading.default\">\n\t\t\t\t<div class=\"elementor-widget-container\">\n\t\t\t\t\t<h1 class=\"elementor-heading-title elementor-size-default\">Ebooks<\/h1>\t\t\t\t<\/div>\n\t\t\t\t<\/div>\n\t\t\t\t<div class=\"elementor-element elementor-element-5497058 elementor-widget__width-initial elementor-widget elementor-widget-text-editor\" data-id=\"5497058\" data-element_type=\"widget\" data-widget_type=\"text-editor.default\">\n\t\t\t\t<div class=\"elementor-widget-container\">\n\t\t\t\t\t\t\t\t\tKh\u00e1m ph\u00e1 kho t\u00e0ng tri th\u1ee9c v\u1edbi h\u00e0ng ng\u00e0n ebook ch\u1ea5t l\u01b0\u1ee3ng cao mi\u1ec5n ph\u00ed\t\t\t\t\t\t\t\t<\/div>\n\t\t\t\t<\/div>\n\t\t\t\t<\/div>\n\t\t\t\t<\/div>\n\t\t<div class=\"elementor-element elementor-element-232827d e-con-full e-flex e-con e-child\" data-id=\"232827d\" data-element_type=\"container\">\n\t\t<div class=\"elementor-element elementor-element-d2d9af2 e-con-full e-flex e-con e-child\" data-id=\"d2d9af2\" data-element_type=\"container\" data-settings=\"{&quot;background_background&quot;:&quot;classic&quot;}\">\n\t\t<div class=\"elementor-element elementor-element-c9835c7 e-con-full e-flex e-con e-child\" data-id=\"c9835c7\" data-element_type=\"container\">\n\t\t\t\t<div class=\"elementor-element elementor-element-7d3ed2c elementor-widget elementor-widget-softlite_image\" data-id=\"7d3ed2c\" data-element_type=\"widget\" data-widget_type=\"softlite_image.default\">\n\t\t\t\t<div class=\"elementor-widget-container\">\n\t\t\t\t\t\t\t\t\t\t<div class=\"elementor-image\">\n\t\t\t\t\t\t\t\t\t\t\t\t\t\t\t\t\t<img decoding=\"async\" src=\"https:\/\/lovinbot.ai\/wp-content\/uploads\/2025\/05\/MUON-AI-HOA-NHUNG-CHUA-BIET-BAT-DAU-TU-DAU.png\">\n\t\t\t\t\t\t\t\t\t\t\t\t\t\t\t\t\t\t<\/div>\n\t\t\t\t\t\t\t\t<\/div>\n\t\t\t\t<\/div>\n\t\t\t\t<\/div>\n\t\t<div class=\"elementor-element elementor-element-73b5b18 e-con-full e-flex e-con e-child\" data-id=\"73b5b18\" data-element_type=\"container\">\n\t\t\t\t<div class=\"elementor-element elementor-element-d6e61db elementor-widget__width-initial elementor-widget elementor-widget-heading\" data-id=\"d6e61db\" data-element_type=\"widget\" data-widget_type=\"heading.default\">\n\t\t\t\t<div class=\"elementor-widget-container\">\n\t\t\t\t\t<h3 class=\"elementor-heading-title elementor-size-default\">Mu\u1ed1n AI H\u00f3a Nh\u01b0ng Ch\u01b0a Bi\u1ebft B\u1eaft \u0110\u1ea7u T\u1eeb \u0110\u00e2u<\/h3>\t\t\t\t<\/div>\n\t\t\t\t<\/div>\n\t\t\t\t<div class=\"elementor-element elementor-element-12e7496 elementor-widget__width-initial elementor-widget elementor-widget-text-editor\" data-id=\"12e7496\" data-element_type=\"widget\" data-widget_type=\"text-editor.default\">\n\t\t\t\t<div class=\"elementor-widget-container\">\n\t\t\t\t\t\t\t\t\t<p>T\u00e1c gi\u1ea3: Ng\u1ecdc Huy\u1ec1n<\/p>\t\t\t\t\t\t\t\t<\/div>\n\t\t\t\t<\/div>\n\t\t<div class=\"elementor-element elementor-element-7e47277 e-con-full e-flex e-con e-child\" data-id=\"7e47277\" data-element_type=\"container\">\n\t\t<div class=\"elementor-element elementor-element-8bad4fc e-con-full e-flex e-con e-child\" data-id=\"8bad4fc\" data-element_type=\"container\">\n\t\t\t\t<div class=\"elementor-element elementor-element-8b9366f elementor-widget elementor-widget-html\" data-id=\"8b9366f\" data-element_type=\"widget\" data-widget_type=\"html.default\">\n\t\t\t\t<div class=\"elementor-widget-container\">\n\t\t\t\t\t<span data-id=\"5p7l8l2y\" data-line=\"49-49\" class=\"tyytyu1a\"><i data-id=\"l8f5sgrg\" data-line=\"49-49\" class=\"ij1vre2p\"><\/i><\/span>\t\t\t\t<\/div>\n\t\t\t\t<\/div>\n\t\t\t\t<div class=\"elementor-element elementor-element-8e8c651 elementor-widget__width-initial elementor-widget elementor-widget-heading\" data-id=\"8e8c651\" data-element_type=\"widget\" data-widget_type=\"heading.default\">\n\t\t\t\t<div class=\"elementor-widget-container\">\n\t\t\t\t\t<span class=\"elementor-heading-title elementor-size-default\">4.8 (120)<\/span>\t\t\t\t<\/div>\n\t\t\t\t<\/div>\n\t\t\t\t<\/div>\n\t\t\t\t<div class=\"elementor-element elementor-element-0557260 elementor-widget__width-initial elementor-widget-mobile__width-initial elementor-widget elementor-widget-button\" data-id=\"0557260\" data-element_type=\"widget\" data-widget_type=\"button.default\">\n\t\t\t\t<div class=\"elementor-widget-container\">\n\t\t\t\t\t\t\t\t\t<div class=\"elementor-button-wrapper\">\n\t\t\t\t\t<a class=\"elementor-button elementor-button-link elementor-size-sm\" href=\"https:\/\/lovinbot.ai\/en\/ebook-lo-trinh-10-buoc-ai-hoa-doanh-nghiep\/\">\n\t\t\t\t\t\t<span class=\"elementor-button-content-wrapper\">\n\t\t\t\t\t\t\t\t\t<span class=\"elementor-button-text\"><i data-id=\"1ykvtazr\" data-line=\"53-53\" class=\"n4baj7ij\"><\/i>T\u1ea3i v\u1ec1<\/span>\n\t\t\t\t\t<\/span>\n\t\t\t\t\t<\/a>\n\t\t\t\t<\/div>\n\t\t\t\t\t\t\t\t<\/div>\n\t\t\t\t<\/div>\n\t\t\t\t<\/div>\n\t\t\t\t<\/div>\n\t\t\t\t<\/div>\n\t\t<div class=\"elementor-element elementor-element-18a3352 e-con-full e-flex e-con e-child\" data-id=\"18a3352\" data-element_type=\"container\" data-settings=\"{&quot;background_background&quot;:&quot;classic&quot;}\">\n\t\t<div class=\"elementor-element elementor-element-a702d97 e-con-full e-flex e-con e-child\" data-id=\"a702d97\" data-element_type=\"container\">\n\t\t\t\t<div class=\"elementor-element elementor-element-0150757 elementor-widget elementor-widget-softlite_image\" data-id=\"0150757\" data-element_type=\"widget\" data-widget_type=\"softlite_image.default\">\n\t\t\t\t<div class=\"elementor-widget-container\">\n\t\t\t\t\t\t\t\t\t\t<div class=\"elementor-image\">\n\t\t\t\t\t\t\t\t\t\t\t\t\t\t\t\t\t<img fetchpriority=\"high\" decoding=\"async\" width=\"2048\" height=\"1367\" src=\"https:\/\/lovinbot.ai\/wp-content\/uploads\/2025\/05\/Cong-thuc-prompt-AI.png\" class=\"attachment-full size-full wp-image-7740\" alt=\"\" srcset=\"https:\/\/lovinbot.ai\/wp-content\/uploads\/2025\/05\/Cong-thuc-prompt-AI.png 2048w, https:\/\/lovinbot.ai\/wp-content\/uploads\/2025\/05\/Cong-thuc-prompt-AI-300x200.png 300w, https:\/\/lovinbot.ai\/wp-content\/uploads\/2025\/05\/Cong-thuc-prompt-AI-1024x684.png 1024w, https:\/\/lovinbot.ai\/wp-content\/uploads\/2025\/05\/Cong-thuc-prompt-AI-768x513.png 768w, https:\/\/lovinbot.ai\/wp-content\/uploads\/2025\/05\/Cong-thuc-prompt-AI-1536x1025.png 1536w\" sizes=\"(max-width: 2048px) 100vw, 2048px\" \/>\t\t\t\t\t\t\t\t\t\t\t\t\t\t\t\t\t\t<\/div>\n\t\t\t\t\t\t\t\t<\/div>\n\t\t\t\t<\/div>\n\t\t\t\t<\/div>\n\t\t<div class=\"elementor-element elementor-element-79897bb e-con-full e-flex e-con e-child\" data-id=\"79897bb\" data-element_type=\"container\">\n\t\t\t\t<div class=\"elementor-element elementor-element-aa3f33a elementor-widget__width-initial elementor-widget elementor-widget-heading\" data-id=\"aa3f33a\" data-element_type=\"widget\" data-widget_type=\"heading.default\">\n\t\t\t\t<div class=\"elementor-widget-container\">\n\t\t\t\t\t<h3 class=\"elementor-heading-title elementor-size-default\">C\u00f4ng Th\u1ee9c Prompt AI. L\u00e0m Ch\u1ee7 AI<\/h3>\t\t\t\t<\/div>\n\t\t\t\t<\/div>\n\t\t\t\t<div class=\"elementor-element elementor-element-a56638e elementor-widget__width-initial elementor-widget elementor-widget-text-editor\" data-id=\"a56638e\" data-element_type=\"widget\" data-widget_type=\"text-editor.default\">\n\t\t\t\t<div class=\"elementor-widget-container\">\n\t\t\t\t\t\t\t\t\t<p>T\u00e1c gi\u1ea3: Ng\u1ecdc Huy\u1ec1n<\/p>\t\t\t\t\t\t\t\t<\/div>\n\t\t\t\t<\/div>\n\t\t<div class=\"elementor-element elementor-element-58b220a e-con-full e-flex e-con e-child\" data-id=\"58b220a\" data-element_type=\"container\">\n\t\t<div class=\"elementor-element elementor-element-d73ab85 e-con-full e-flex e-con e-child\" data-id=\"d73ab85\" data-element_type=\"container\">\n\t\t\t\t<div class=\"elementor-element elementor-element-beb1786 elementor-widget elementor-widget-html\" data-id=\"beb1786\" data-element_type=\"widget\" data-widget_type=\"html.default\">\n\t\t\t\t<div class=\"elementor-widget-container\">\n\t\t\t\t\t<span data-id=\"f5b38qf0\" data-line=\"69-69\" class=\"p9fx6d7g\"><i data-id=\"tq1dknbp\" data-line=\"69-69\" class=\"rviomy2v\"><\/i><\/span>\t\t\t\t<\/div>\n\t\t\t\t<\/div>\n\t\t\t\t<div class=\"elementor-element elementor-element-ff7e152 elementor-widget__width-initial elementor-widget elementor-widget-heading\" data-id=\"ff7e152\" data-element_type=\"widget\" data-widget_type=\"heading.default\">\n\t\t\t\t<div class=\"elementor-widget-container\">\n\t\t\t\t\t<span class=\"elementor-heading-title elementor-size-default\">4.9 (95)<\/span>\t\t\t\t<\/div>\n\t\t\t\t<\/div>\n\t\t\t\t<\/div>\n\t\t\t\t<div class=\"elementor-element elementor-element-683c2c5 elementor-widget__width-initial elementor-widget-mobile__width-initial elementor-widget elementor-widget-button\" data-id=\"683c2c5\" data-element_type=\"widget\" data-widget_type=\"button.default\">\n\t\t\t\t<div class=\"elementor-widget-container\">\n\t\t\t\t\t\t\t\t\t<div class=\"elementor-button-wrapper\">\n\t\t\t\t\t<a class=\"elementor-button elementor-button-link elementor-size-sm\" href=\"https:\/\/mkt.lovinbot.ai\/sp\/ebook-prompt-ai-2\/\">\n\t\t\t\t\t\t<span class=\"elementor-button-content-wrapper\">\n\t\t\t\t\t\t\t\t\t<span class=\"elementor-button-text\"><i data-id=\"dyfbnhj3\" data-line=\"73-73\" class=\"vbevsu1s\"><\/i>T\u1ea3i v\u1ec1<\/span>\n\t\t\t\t\t<\/span>\n\t\t\t\t\t<\/a>\n\t\t\t\t<\/div>\n\t\t\t\t\t\t\t\t<\/div>\n\t\t\t\t<\/div>\n\t\t\t\t<\/div>\n\t\t\t\t<\/div>\n\t\t\t\t<\/div>\n\t\t<div class=\"elementor-element elementor-element-8d86863 e-con-full e-flex e-con e-child\" data-id=\"8d86863\" data-element_type=\"container\" data-settings=\"{&quot;background_background&quot;:&quot;classic&quot;}\">\n\t\t<div class=\"elementor-element elementor-element-5cd13b7 e-con-full e-flex e-con e-child\" data-id=\"5cd13b7\" data-element_type=\"container\">\n\t\t\t\t<div class=\"elementor-element elementor-element-66aa9b6 elementor-widget elementor-widget-softlite_image\" data-id=\"66aa9b6\" data-element_type=\"widget\" data-widget_type=\"softlite_image.default\">\n\t\t\t\t<div class=\"elementor-widget-container\">\n\t\t\t\t\t\t\t\t\t\t<div class=\"elementor-image\">\n\t\t\t\t\t\t\t\t\t\t\t\t\t\t\t\t\t<img decoding=\"async\" width=\"1024\" height=\"1024\" src=\"https:\/\/lovinbot.ai\/wp-content\/uploads\/2025\/05\/mockup-ebook-spa.png\" class=\"attachment-full size-full wp-image-7744\" alt=\"\" srcset=\"https:\/\/lovinbot.ai\/wp-content\/uploads\/2025\/05\/mockup-ebook-spa.png 1024w, https:\/\/lovinbot.ai\/wp-content\/uploads\/2025\/05\/mockup-ebook-spa-300x300.png 300w, https:\/\/lovinbot.ai\/wp-content\/uploads\/2025\/05\/mockup-ebook-spa-150x150.png 150w, https:\/\/lovinbot.ai\/wp-content\/uploads\/2025\/05\/mockup-ebook-spa-768x768.png 768w\" sizes=\"(max-width: 1024px) 100vw, 1024px\" \/>\t\t\t\t\t\t\t\t\t\t\t\t\t\t\t\t\t\t<\/div>\n\t\t\t\t\t\t\t\t<\/div>\n\t\t\t\t<\/div>\n\t\t\t\t<\/div>\n\t\t<div class=\"elementor-element elementor-element-84630d7 e-con-full e-flex e-con e-child\" data-id=\"84630d7\" data-element_type=\"container\">\n\t\t\t\t<div class=\"elementor-element elementor-element-32812da elementor-widget__width-initial elementor-widget elementor-widget-heading\" data-id=\"32812da\" data-element_type=\"widget\" data-widget_type=\"heading.default\">\n\t\t\t\t<div class=\"elementor-widget-container\">\n\t\t\t\t\t<h3 class=\"elementor-heading-title elementor-size-default\">C\u1ea9m Nang \u1ee8ng D\u1ee5ng AI Cho SPA<\/h3>\t\t\t\t<\/div>\n\t\t\t\t<\/div>\n\t\t\t\t<div class=\"elementor-element elementor-element-c2348ce elementor-widget__width-initial elementor-widget elementor-widget-text-editor\" data-id=\"c2348ce\" data-element_type=\"widget\" data-widget_type=\"text-editor.default\">\n\t\t\t\t<div class=\"elementor-widget-container\">\n\t\t\t\t\t\t\t\t\t<p>T\u00e1c gi\u1ea3: Ng\u1ecdc Huy\u1ec1n<\/p>\t\t\t\t\t\t\t\t<\/div>\n\t\t\t\t<\/div>\n\t\t<div class=\"elementor-element elementor-element-1b283dd e-con-full e-flex e-con e-child\" data-id=\"1b283dd\" data-element_type=\"container\">\n\t\t<div class=\"elementor-element elementor-element-c753243 e-con-full e-flex e-con e-child\" data-id=\"c753243\" data-element_type=\"container\">\n\t\t\t\t<div class=\"elementor-element elementor-element-2a52b7e elementor-widget elementor-widget-html\" data-id=\"2a52b7e\" data-element_type=\"widget\" data-widget_type=\"html.default\">\n\t\t\t\t<div class=\"elementor-widget-container\">\n\t\t\t\t\t<span data-id=\"hil20vpa\" data-line=\"89-89\" class=\"zye7upp7\"><i data-id=\"bt96y1bm\" data-line=\"89-89\" class=\"l3drcnxl\"><\/i><\/span>\t\t\t\t<\/div>\n\t\t\t\t<\/div>\n\t\t\t\t<div class=\"elementor-element elementor-element-ab455c8 elementor-widget__width-initial elementor-widget elementor-widget-heading\" data-id=\"ab455c8\" data-element_type=\"widget\" data-widget_type=\"heading.default\">\n\t\t\t\t<div class=\"elementor-widget-container\">\n\t\t\t\t\t<span class=\"elementor-heading-title elementor-size-default\">4.7 (76)<\/span>\t\t\t\t<\/div>\n\t\t\t\t<\/div>\n\t\t\t\t<\/div>\n\t\t\t\t<div class=\"elementor-element elementor-element-7c2549f elementor-widget__width-initial elementor-widget-mobile__width-initial elementor-widget elementor-widget-button\" data-id=\"7c2549f\" data-element_type=\"widget\" data-widget_type=\"button.default\">\n\t\t\t\t<div class=\"elementor-widget-container\">\n\t\t\t\t\t\t\t\t\t<div class=\"elementor-button-wrapper\">\n\t\t\t\t\t<a class=\"elementor-button elementor-button-link elementor-size-sm\" href=\"https:\/\/mkt.lovinbot.ai\/sp\/ebook-spa\/\">\n\t\t\t\t\t\t<span class=\"elementor-button-content-wrapper\">\n\t\t\t\t\t\t\t\t\t<span class=\"elementor-button-text\"><i data-id=\"3pqfsce5\" data-line=\"93-93\" class=\"y52l18q0\"><\/i>T\u1ea3i v\u1ec1<\/span>\n\t\t\t\t\t<\/span>\n\t\t\t\t\t<\/a>\n\t\t\t\t<\/div>\n\t\t\t\t\t\t\t\t<\/div>\n\t\t\t\t<\/div>\n\t\t\t\t<\/div>\n\t\t\t\t<\/div>\n\t\t\t\t<\/div>\n\t\t<div class=\"elementor-element elementor-element-e9b63a7 e-con-full e-flex e-con e-child\" data-id=\"e9b63a7\" data-element_type=\"container\" data-settings=\"{&quot;background_background&quot;:&quot;classic&quot;}\">\n\t\t<div class=\"elementor-element elementor-element-40bc05a e-con-full e-flex e-con e-child\" data-id=\"40bc05a\" data-element_type=\"container\">\n\t\t\t\t<div class=\"elementor-element elementor-element-32d9833 elementor-widget elementor-widget-softlite_image\" data-id=\"32d9833\" data-element_type=\"widget\" data-widget_type=\"softlite_image.default\">\n\t\t\t\t<div class=\"elementor-widget-container\">\n\t\t\t\t\t\t\t\t\t\t<div class=\"elementor-image\">\n\t\t\t\t\t\t\t\t\t\t\t\t\t\t\t\t\t<img decoding=\"async\" src=\"https:\/\/lovinbot.ai\/wp-content\/uploads\/2025\/05\/MUON-AI-HOA-NHUNG-CHUA-BIET-BAT-DAU-TU-DAU.png\">\n\t\t\t\t\t\t\t\t\t\t\t\t\t\t\t\t\t\t<\/div>\n\t\t\t\t\t\t\t\t<\/div>\n\t\t\t\t<\/div>\n\t\t\t\t<\/div>\n\t\t<div class=\"elementor-element elementor-element-b740338 e-con-full e-flex e-con e-child\" data-id=\"b740338\" data-element_type=\"container\">\n\t\t\t\t<div class=\"elementor-element elementor-element-25a8874 elementor-widget__width-initial elementor-widget elementor-widget-heading\" data-id=\"25a8874\" data-element_type=\"widget\" data-widget_type=\"heading.default\">\n\t\t\t\t<div class=\"elementor-widget-container\">\n\t\t\t\t\t<h3 class=\"elementor-heading-title elementor-size-default\">Machine Learning Cho Ng\u01b0\u1eddi M\u1edbi B\u1eaft \u0110\u1ea7u<\/h3>\t\t\t\t<\/div>\n\t\t\t\t<\/div>\n\t\t\t\t<div class=\"elementor-element elementor-element-406f79a elementor-widget__width-initial elementor-widget elementor-widget-text-editor\" data-id=\"406f79a\" data-element_type=\"widget\" data-widget_type=\"text-editor.default\">\n\t\t\t\t<div class=\"elementor-widget-container\">\n\t\t\t\t\t\t\t\t\tT\u00e1c gi\u1ea3: Ph\u1ea1m Th\u1ecb D\t\t\t\t\t\t\t\t<\/div>\n\t\t\t\t<\/div>\n\t\t<div class=\"elementor-element elementor-element-a193578 e-con-full e-flex e-con e-child\" data-id=\"a193578\" data-element_type=\"container\">\n\t\t<div class=\"elementor-element elementor-element-fc4466e e-con-full e-flex e-con e-child\" data-id=\"fc4466e\" data-element_type=\"container\">\n\t\t\t\t<div class=\"elementor-element elementor-element-cad4877 elementor-widget elementor-widget-html\" data-id=\"cad4877\" data-element_type=\"widget\" data-widget_type=\"html.default\">\n\t\t\t\t<div class=\"elementor-widget-container\">\n\t\t\t\t\t<span data-id=\"tubf2wn0\" data-line=\"109-109\" class=\"d8e487jo\"><i data-id=\"2qlsotj7\" data-line=\"109-109\" class=\"y26h49vh\"><\/i><\/span>\t\t\t\t<\/div>\n\t\t\t\t<\/div>\n\t\t\t\t<div class=\"elementor-element elementor-element-c2794fe elementor-widget__width-initial elementor-widget elementor-widget-heading\" data-id=\"c2794fe\" data-element_type=\"widget\" data-widget_type=\"heading.default\">\n\t\t\t\t<div class=\"elementor-widget-container\">\n\t\t\t\t\t<span class=\"elementor-heading-title elementor-size-default\">4.6 (58)<\/span>\t\t\t\t<\/div>\n\t\t\t\t<\/div>\n\t\t\t\t<\/div>\n\t\t\t\t<div class=\"elementor-element elementor-element-27d8985 elementor-widget__width-initial elementor-widget-mobile__width-initial elementor-widget elementor-widget-button\" data-id=\"27d8985\" data-element_type=\"widget\" data-widget_type=\"button.default\">\n\t\t\t\t<div class=\"elementor-widget-container\">\n\t\t\t\t\t\t\t\t\t<div class=\"elementor-button-wrapper\">\n\t\t\t\t\t<a class=\"elementor-button elementor-size-sm\" role=\"button\">\n\t\t\t\t\t\t<span class=\"elementor-button-content-wrapper\">\n\t\t\t\t\t\t\t\t\t<span class=\"elementor-button-text\"><i data-id=\"6p2kbcfv\" data-line=\"113-113\" class=\"ib05uz1x\"><\/i>T\u1ea3i v\u1ec1<\/span>\n\t\t\t\t\t<\/span>\n\t\t\t\t\t<\/a>\n\t\t\t\t<\/div>\n\t\t\t\t\t\t\t\t<\/div>\n\t\t\t\t<\/div>\n\t\t\t\t<\/div>\n\t\t\t\t<\/div>\n\t\t\t\t<\/div>\n\t\t\t\t<\/div>\n\t\t\t\t<\/div>\n\t\t\t\t<\/div>\n\t\t\t\t<\/div>","protected":false},"excerpt":{"rendered":"<p>\u0110\u0103ng Nh\u1eadp \u0110\u0103ng K\u00fd Ngay Th\u01b0 Vi\u1ec7n Ebook Kh\u00e1m ph\u00e1 kho t\u00e0ng tri th\u1ee9c v\u1edbi h\u00e0ng ng\u00e0n ebook ch\u1ea5t l\u01b0\u1ee3ng cao mi\u1ec5n ph\u00ed Mu\u1ed1n AI H\u00f3a Nh\u01b0ng Ch\u01b0a Bi\u1ebft B\u1eaft \u0110\u1ea7u T\u1eeb \u0110\u00e2u T\u00e1c gi\u1ea3: Ng\u1ecdc Huy\u1ec1n 4.8 (120) T\u1ea3i v\u1ec1 C\u00f4ng Th\u1ee9c Prompt AI. L\u00e0m Ch\u1ee7 AI T\u00e1c gi\u1ea3: Ng\u1ecdc Huy\u1ec1n 4.9 (95) T\u1ea3i [&hellip;]<\/p>","protected":false},"author":6,"featured_media":0,"parent":0,"menu_order":0,"comment_status":"closed","ping_status":"closed","template":"template-homepage.php","meta":{"footnotes":""},"class_list":["post-7707","page","type-page","status-publish","hentry"],"_links":{"self":[{"href":"https:\/\/lovinbot.ai\/en\/wp-json\/wp\/v2\/pages\/7707","targetHints":{"allow":["GET"]}}],"collection":[{"href":"https:\/\/lovinbot.ai\/en\/wp-json\/wp\/v2\/pages"}],"about":[{"href":"https:\/\/lovinbot.ai\/en\/wp-json\/wp\/v2\/types\/page"}],"author":[{"embeddable":true,"href":"https:\/\/lovinbot.ai\/en\/wp-json\/wp\/v2\/users\/6"}],"replies":[{"embeddable":true,"href":"https:\/\/lovinbot.ai\/en\/wp-json\/wp\/v2\/comments?post=7707"}],"version-history":[{"count":39,"href":"https:\/\/lovinbot.ai\/en\/wp-json\/wp\/v2\/pages\/7707\/revisions"}],"predecessor-version":[{"id":8253,"href":"https:\/\/lovinbot.ai\/en\/wp-json\/wp\/v2\/pages\/7707\/revisions\/8253"}],"wp:attachment":[{"href":"https:\/\/lovinbot.ai\/en\/wp-json\/wp\/v2\/media?parent=7707"}],"curies":[{"name":"wp","href":"https:\/\/api.w.org\/{rel}","templated":true}]}}