{"id":2980,"date":"2023-05-08T11:36:51","date_gmt":"2023-05-08T11:36:51","guid":{"rendered":"https:\/\/themepanthers.com\/wp\/copygen\/d1\/?page_id=2980"},"modified":"2024-10-25T15:08:52","modified_gmt":"2024-10-25T15:08:52","slug":"digiso","status":"publish","type":"page","link":"https:\/\/lovinbot.ai\/en\/digiso\/","title":{"rendered":"Partner Digiso"},"content":{"rendered":"<div data-elementor-type=\"wp-page\" data-elementor-id=\"2980\" class=\"elementor elementor-2980\" data-elementor-post-type=\"page\">\n\t\t\t\t\t\t<section class=\"elementor-section elementor-top-section elementor-element elementor-element-51e643a elementor-section-boxed elementor-section-height-default elementor-section-height-default\" data-id=\"51e643a\" data-element_type=\"section\" data-settings=\"{&quot;background_background&quot;:&quot;classic&quot;}\">\n\t\t\t\t\t\t<div class=\"elementor-container elementor-column-gap-default\">\n\t\t\t\t\t<div class=\"elementor-column elementor-col-100 elementor-top-column elementor-element elementor-element-9a0aad2\" data-id=\"9a0aad2\" data-element_type=\"column\">\n\t\t\t<div class=\"elementor-widget-wrap elementor-element-populated\">\n\t\t\t\t\t\t<section class=\"elementor-section elementor-inner-section elementor-element elementor-element-ad7d45f elementor-section-boxed elementor-section-height-default elementor-section-height-default\" data-id=\"ad7d45f\" data-element_type=\"section\">\n\t\t\t\t\t\t<div class=\"elementor-container elementor-column-gap-default\">\n\t\t\t\t\t<div class=\"elementor-column elementor-col-100 elementor-inner-column elementor-element elementor-element-7bb7c20\" data-id=\"7bb7c20\" data-element_type=\"column\">\n\t\t\t<div class=\"elementor-widget-wrap elementor-element-populated\">\n\t\t\t\t\t\t<div class=\"elementor-element elementor-element-14db8f8 elementor-widget elementor-widget-copygen-title-v1\" data-id=\"14db8f8\" data-element_type=\"widget\" data-widget_type=\"copygen-title-v1.default\">\n\t\t\t\t<div class=\"elementor-widget-container\">\n\t\t\t\t\t \r\n        <div class=\"section_title type_one g_enable\">\r\n                            <div class=\"overline-title\"> PARTNER LOVINBOT<\/div>\r\n                                        <div class=\"title_whole position-relative\">\r\n                                            <h2 class=\"title\">\r\n                                                    \u0110\u1ed1i t\u00e1c \u0111\u01b0\u1ee3c \u1ee7y quy\u1ec1n tri\u1ec3n khai d\u1ecbch v\u1ee5 <span>LovinBot AI<\/span>                                                          \r\n                        <\/h2>\r\n                                     \r\n                <\/div>\r\n                                <\/div>\r\n        \r\n    \t\t\t\t<\/div>\n\t\t\t\t<\/div>\n\t\t\t\t\t<\/div>\n\t\t<\/div>\n\t\t\t\t\t<\/div>\n\t\t<\/section>\n\t\t\t\t<section class=\"elementor-section elementor-inner-section elementor-element elementor-element-9fe3ea5 elementor-section-content-middle elementor-section-boxed elementor-section-height-default elementor-section-height-default\" data-id=\"9fe3ea5\" data-element_type=\"section\">\n\t\t\t\t\t\t<div class=\"elementor-container elementor-column-gap-custom\">\n\t\t\t\t\t<div class=\"elementor-column elementor-col-50 elementor-inner-column elementor-element elementor-element-1705814\" data-id=\"1705814\" data-element_type=\"column\">\n\t\t\t<div class=\"elementor-widget-wrap elementor-element-populated\">\n\t\t\t\t\t\t<div class=\"elementor-element elementor-element-eadeaac elementor-widget elementor-widget-copygen-title-v1\" data-id=\"eadeaac\" data-element_type=\"widget\" data-widget_type=\"copygen-title-v1.default\">\n\t\t\t\t<div class=\"elementor-widget-container\">\n\t\t\t\t\t \r\n        <div class=\"section_title type_one g_enable\">\r\n                            <div class=\"overline-title\"> \u0110\u1ed1i t\u00e1c n\u1ed5i b\u1eadt<\/div>\r\n                                        <div class=\"title_whole position-relative\">\r\n                                            <h2 class=\"title\">\r\n                                                    C\u00d4NG TY TNHH GI\u1ea2I PH\u00c1P S\u1ed0 DIGISO                                                          \r\n                        <\/h2>\r\n                                     \r\n                <\/div>\r\n                                        <p class=\"lead\"> DIGISO l\u00e0 m\u1ed9t c\u00f4ng ty chuy\u00ean v\u1ec1 qu\u1ea3n l\u00fd t\u00e0i s\u1ea3n tr\u00ed tu\u1ec7 v\u00e0 t\u00e0i s\u1ea3n s\u1ed1, v\u1edbi s\u1ee9 m\u1ec7nh h\u1ed7 tr\u1ee3 c\u00e1c doanh nghi\u1ec7p b\u1ea3o v\u1ec7 quy\u1ec1n s\u1edf h\u1eefu tr\u00ed tu\u1ec7 v\u00e0 ph\u00e1t tri\u1ec3n c\u00e1c s\u1ea3n ph\u1ea9m s\u1ed1.<\/p>\r\n                    <\/div>\r\n        \r\n    \t\t\t\t<\/div>\n\t\t\t\t<\/div>\n\t\t\t\t<div class=\"elementor-element elementor-element-fd6ef60 elementor-widget elementor-widget-copygen-list-items-v1\" data-id=\"fd6ef60\" data-element_type=\"widget\" data-widget_type=\"copygen-list-items-v1.default\">\n\t\t\t\t<div class=\"elementor-widget-container\">\n\t\t\t\t\t<div class=\"position-relative\">\r\n    <ul class=\"list_box list\">\r\n            <li>\r\n            <div class=\"d-flex\">\r\n                                                            <div class=\"icon\">\r\n                            <i class=\"copy-dot\"><\/i>\r\n                        <\/div> \r\n                    \t\r\n                                <a class=\"links\" href=\"#\"   >\r\n                    D\u1ecbch v\u1ee5 t\u01b0 v\u1ea5n ph\u00e1p l\u00fd                <\/a>\r\n            <\/div>\r\n        <\/li>\r\n                <li>\r\n            <div class=\"d-flex\">\r\n                                                            <div class=\"icon\">\r\n                            <i class=\"copy-dot\"><\/i>\r\n                        <\/div> \r\n                    \t\r\n                                <a class=\"links\" href=\"#\"   >\r\n                    \u0110\u00e0o t\u1ea1o ti\u00eau chu\u1ea9n, xu\u1ea5t b\u1ea3n, v\u00e0 gi\u1ea3i ph\u00e1p c\u00f4ng ngh\u1ec7 d\u1eef li\u1ec7u                <\/a>\r\n            <\/div>\r\n        <\/li>\r\n            <\/ul>\r\n    <\/div>\r\n    \t\t\t\t<\/div>\n\t\t\t\t<\/div>\n\t\t\t\t\t<\/div>\n\t\t<\/div>\n\t\t\t\t<div class=\"elementor-column elementor-col-50 elementor-inner-column elementor-element elementor-element-1b67f26\" data-id=\"1b67f26\" data-element_type=\"column\">\n\t\t\t<div class=\"elementor-widget-wrap elementor-element-populated\">\n\t\t\t\t\t\t<div class=\"elementor-element elementor-element-5c9dbc0 elementor-widget elementor-widget-image\" data-id=\"5c9dbc0\" data-element_type=\"widget\" data-widget_type=\"image.default\">\n\t\t\t\t<div class=\"elementor-widget-container\">\n\t\t\t\t\t\t\t\t\t\t\t\t\t\t\t<img fetchpriority=\"high\" decoding=\"async\" width=\"1024\" height=\"1024\" src=\"https:\/\/lovinbot.ai\/wp-content\/uploads\/2024\/08\/Digiso-1024x1024.png\" class=\"attachment-large size-large wp-image-6161\" alt=\"\" srcset=\"https:\/\/lovinbot.ai\/wp-content\/uploads\/2024\/08\/Digiso-1024x1024.png 1024w, https:\/\/lovinbot.ai\/wp-content\/uploads\/2024\/08\/Digiso-300x300.png 300w, https:\/\/lovinbot.ai\/wp-content\/uploads\/2024\/08\/Digiso-150x150.png 150w, https:\/\/lovinbot.ai\/wp-content\/uploads\/2024\/08\/Digiso-768x768.png 768w, https:\/\/lovinbot.ai\/wp-content\/uploads\/2024\/08\/Digiso-1536x1536.png 1536w, https:\/\/lovinbot.ai\/wp-content\/uploads\/2024\/08\/Digiso.png 1800w\" sizes=\"(max-width: 1024px) 100vw, 1024px\" \/>\t\t\t\t\t\t\t\t\t\t\t\t\t\t\t<\/div>\n\t\t\t\t<\/div>\n\t\t\t\t\t<\/div>\n\t\t<\/div>\n\t\t\t\t\t<\/div>\n\t\t<\/section>\n\t\t\t\t<div class=\"elementor-element elementor-element-2eef17c elementor-widget elementor-widget-copygen-tab-with-content-v1\" data-id=\"2eef17c\" data-element_type=\"widget\" data-widget_type=\"copygen-tab-with-content-v1.default\">\n\t\t\t\t<div class=\"elementor-widget-container\">\n\t\t\t\t\t<section class=\"tabs_with_content  copygen_tab type_three\">\r\n   <div class=\"tab_over_all_box\">\r\n    \r\n      <div class=\"tabs_header clearfix\">\r\n         <ul class=\"showcase_tabs_btns nav-pills nav clearfix tab_inline\">\r\n                                            <li class=\"nav-item\">\r\n                    <a class=\"s_tab_btn nav-link active\" data-tab=\"#tab_tab2\"> \r\n                                                    <div class=\"icon\">\r\n                                <i class=\"copy-chat3\"><\/i>\r\n                            <\/div>\r\n                                                                                    <small class=\"title_no_a_20\">Th\u00f4ng tin<\/small>\r\n                                            <\/a>\r\n                <\/li>\r\n                                <li class=\"nav-item\">\r\n                    <a class=\"s_tab_btn nav-link\" data-tab=\"#tab_tab_default\"> \r\n                                                    <div class=\"icon\">\r\n                                <i class=\"copy-themoviedatabase\"><\/i>\r\n                            <\/div>\r\n                                                                                    <small class=\"title_no_a_20\">Introduction<\/small>\r\n                                            <\/a>\r\n                <\/li>\r\n                                     <\/ul>\r\n      <\/div>\r\n      <div class=\"s_tab_wrapper align_left\">\r\n         <div class=\"s_tabs_content\">\r\n                                     <div class=\"s_tab fade active-tab show\" id=\"tab_tab2\">\r\n            <div class=\"tab_content_box\">\r\n                                    <div class=\"image_box\">\r\n                                                    <img decoding=\"async\" src=\"https:\/\/lovinbot.ai\/wp-content\/uploads\/2024\/08\/Digiso-1-1.png\" alt=\"cover-bg\" class=\"base\">\r\n                                            <\/div>\r\n                                <div class=\"content_box\">\r\n                                                            <div class=\"title_no_a_28\">\r\n                            C\u00d4NG TY TNHH GI\u1ea2I PH\u00c1P S\u1ed0 DIGISO\n                        <\/div>\r\n                                                                                                                        <div class=\"d-flex\">\r\n                                                                <ul>\r\n                                                                                    <li>\r\n                                <svg width=\"25\" height=\"25\" viewbox=\"0 0 25 25\" fill=\"none\"\r\n                                    xmlns=\"http:\/\/www.w3.org\/2000\/svg\">\r\n                                    <circle cx=\"12.5\" cy=\"12.5\" r=\"12.5\" fill=\"#36DB9F\" \/>\r\n                                    <g>\r\n                                        <path\r\n                                            d=\"M11.8363 18.7066C12.2244 19.0994 13.0886 18.9692 13.1817 18.3516C13.7607 14.5175 16.6577 11.2829 18.85 8.23494C19.4579 7.39031 18.0602 6.58795 17.4602 7.42252C15.4568 10.2075 12.9317 13.138 11.9439 16.5174C10.815 15.3637 9.68161 14.221 8.41548 13.2072C7.61364 12.5649 6.46665 13.6965 7.27713 14.3455C8.92674 15.6668 10.3523 17.2076 11.8363 18.7066Z\"\r\n                                            fill=\"white\" \/>\r\n                                    <\/g>\r\n                                    <defs>\r\n                                        <clippath>\r\n                                            <rect width=\"12\" height=\"12\" fill=\"white\" transform=\"translate(7 7)\" \/>\r\n                                        <\/clippath>\r\n                                    <\/defs>\r\n                                <\/svg>\r\n                                <span> MST: 0316725362 <\/span>\r\n                            <\/li>\r\n                                                        <li>\r\n                                <svg width=\"25\" height=\"25\" viewbox=\"0 0 25 25\" fill=\"none\"\r\n                                    xmlns=\"http:\/\/www.w3.org\/2000\/svg\">\r\n                                    <circle cx=\"12.5\" cy=\"12.5\" r=\"12.5\" fill=\"#36DB9F\" \/>\r\n                                    <g>\r\n                                        <path\r\n                                            d=\"M11.8363 18.7066C12.2244 19.0994 13.0886 18.9692 13.1817 18.3516C13.7607 14.5175 16.6577 11.2829 18.85 8.23494C19.4579 7.39031 18.0602 6.58795 17.4602 7.42252C15.4568 10.2075 12.9317 13.138 11.9439 16.5174C10.815 15.3637 9.68161 14.221 8.41548 13.2072C7.61364 12.5649 6.46665 13.6965 7.27713 14.3455C8.92674 15.6668 10.3523 17.2076 11.8363 18.7066Z\"\r\n                                            fill=\"white\" \/>\r\n                                    <\/g>\r\n                                    <defs>\r\n                                        <clippath>\r\n                                            <rect width=\"12\" height=\"12\" fill=\"white\" transform=\"translate(7 7)\" \/>\r\n                                        <\/clippath>\r\n                                    <\/defs>\r\n                                <\/svg>\r\n                                <span> Gi\u00e1m \u0111\u1ed1c: Ng\u00f4 H\u1eefu Th\u1ed1ng<\/span>\r\n                            <\/li>\r\n                                                        <li>\r\n                                <svg width=\"25\" height=\"25\" viewbox=\"0 0 25 25\" fill=\"none\"\r\n                                    xmlns=\"http:\/\/www.w3.org\/2000\/svg\">\r\n                                    <circle cx=\"12.5\" cy=\"12.5\" r=\"12.5\" fill=\"#36DB9F\" \/>\r\n                                    <g>\r\n                                        <path\r\n                                            d=\"M11.8363 18.7066C12.2244 19.0994 13.0886 18.9692 13.1817 18.3516C13.7607 14.5175 16.6577 11.2829 18.85 8.23494C19.4579 7.39031 18.0602 6.58795 17.4602 7.42252C15.4568 10.2075 12.9317 13.138 11.9439 16.5174C10.815 15.3637 9.68161 14.221 8.41548 13.2072C7.61364 12.5649 6.46665 13.6965 7.27713 14.3455C8.92674 15.6668 10.3523 17.2076 11.8363 18.7066Z\"\r\n                                            fill=\"white\" \/>\r\n                                    <\/g>\r\n                                    <defs>\r\n                                        <clippath>\r\n                                            <rect width=\"12\" height=\"12\" fill=\"white\" transform=\"translate(7 7)\" \/>\r\n                                        <\/clippath>\r\n                                    <\/defs>\r\n                                <\/svg>\r\n                                <span> \u0110\u1ecba ch\u1ec9: s\u1ed1 53 Nguy\u1ec5n V\u0103n B\u00e1, TP. Th\u1ee7 \u0110\u1ee9c, TP. H\u1ed3 Ch\u00ed Minh<\/span>\r\n                            <\/li>\r\n                                                    <\/ul>\r\n                                                                            <\/div>\r\n                                                <ul class=\"list_buttons\">\r\n                                            <li class=\"one\">\r\n                            <a class=\"theme_btn\" href=\"https:\/\/digiso.vn\/\" target=\"_blank\" rel=\"noopener\">\r\n                                Li\u00ean h\u1ec7                            <\/a>\r\n                        <\/li>\r\n                                                        <\/ul>\r\n                                <\/div>\r\n            <\/div>\r\n        <\/div>\r\n                    <div class=\"s_tab fade\" id=\"tab_tab_default\">\r\n            <div class=\"tab_content_box\">\r\n                                    <div class=\"image_box\">\r\n                                                    <img decoding=\"async\" src=\"https:\/\/lovinbot.ai\/wp-content\/uploads\/2024\/08\/Digiso.png\" alt=\"cover-bg\" class=\"base\">\r\n                                            <\/div>\r\n                                <div class=\"content_box\">\r\n                                                            <div class=\"title_no_a_28\">\r\n                            C\u00d4NG TY TNHH GI\u1ea2I PH\u00c1P S\u1ed0 DIGISO                        <\/div>\r\n                                                                                                                        <div class=\"d-flex\">\r\n                                                                <ul>\r\n                                                                                    <li>\r\n                                <svg width=\"25\" height=\"25\" viewbox=\"0 0 25 25\" fill=\"none\"\r\n                                    xmlns=\"http:\/\/www.w3.org\/2000\/svg\">\r\n                                    <circle cx=\"12.5\" cy=\"12.5\" r=\"12.5\" fill=\"#36DB9F\" \/>\r\n                                    <g>\r\n                                        <path\r\n                                            d=\"M11.8363 18.7066C12.2244 19.0994 13.0886 18.9692 13.1817 18.3516C13.7607 14.5175 16.6577 11.2829 18.85 8.23494C19.4579 7.39031 18.0602 6.58795 17.4602 7.42252C15.4568 10.2075 12.9317 13.138 11.9439 16.5174C10.815 15.3637 9.68161 14.221 8.41548 13.2072C7.61364 12.5649 6.46665 13.6965 7.27713 14.3455C8.92674 15.6668 10.3523 17.2076 11.8363 18.7066Z\"\r\n                                            fill=\"white\" \/>\r\n                                    <\/g>\r\n                                    <defs>\r\n                                        <clippath>\r\n                                            <rect width=\"12\" height=\"12\" fill=\"white\" transform=\"translate(7 7)\" \/>\r\n                                        <\/clippath>\r\n                                    <\/defs>\r\n                                <\/svg>\r\n                                <span> DIGISO l\u00e0 m\u1ed9t c\u00f4ng ty chuy\u00ean v\u1ec1 qu\u1ea3n l\u00fd t\u00e0i s\u1ea3n tr\u00ed tu\u1ec7 v\u00e0 t\u00e0i s\u1ea3n s\u1ed1, v\u1edbi s\u1ee9 m\u1ec7nh h\u1ed7 tr\u1ee3 c\u00e1c doanh nghi\u1ec7p b\u1ea3o v\u1ec7 quy\u1ec1n s\u1edf h\u1eefu tr\u00ed tu\u1ec7 v\u00e0 ph\u00e1t tri\u1ec3n c\u00e1c s\u1ea3n ph\u1ea9m s\u1ed1. <\/span>\r\n                            <\/li>\r\n                                                        <li>\r\n                                <svg width=\"25\" height=\"25\" viewbox=\"0 0 25 25\" fill=\"none\"\r\n                                    xmlns=\"http:\/\/www.w3.org\/2000\/svg\">\r\n                                    <circle cx=\"12.5\" cy=\"12.5\" r=\"12.5\" fill=\"#36DB9F\" \/>\r\n                                    <g>\r\n                                        <path\r\n                                            d=\"M11.8363 18.7066C12.2244 19.0994 13.0886 18.9692 13.1817 18.3516C13.7607 14.5175 16.6577 11.2829 18.85 8.23494C19.4579 7.39031 18.0602 6.58795 17.4602 7.42252C15.4568 10.2075 12.9317 13.138 11.9439 16.5174C10.815 15.3637 9.68161 14.221 8.41548 13.2072C7.61364 12.5649 6.46665 13.6965 7.27713 14.3455C8.92674 15.6668 10.3523 17.2076 11.8363 18.7066Z\"\r\n                                            fill=\"white\" \/>\r\n                                    <\/g>\r\n                                    <defs>\r\n                                        <clippath>\r\n                                            <rect width=\"12\" height=\"12\" fill=\"white\" transform=\"translate(7 7)\" \/>\r\n                                        <\/clippath>\r\n                                    <\/defs>\r\n                                <\/svg>\r\n                                <span> Ch\u00fang t\u00f4i cung c\u1ea5p c\u00e1c d\u1ecbch v\u1ee5 t\u01b0 v\u1ea5n ph\u00e1p l\u00fd, \u0111\u00e0o t\u1ea1o ti\u00eau chu\u1ea9n, xu\u1ea5t b\u1ea3n, v\u00e0 gi\u1ea3i ph\u00e1p c\u00f4ng ngh\u1ec7 d\u1eef li\u1ec7u, gi\u00fap doanh nghi\u1ec7p x\u00e2y d\u1ef1ng th\u01b0\u01a1ng hi\u1ec7u b\u1ec1n v\u1eefng v\u00e0 \u0111\u00e1p \u1ee9ng c\u00e1c ti\u00eau chu\u1ea9n qu\u1ed1c t\u1ebf. <\/span>\r\n                            <\/li>\r\n                                                        <li>\r\n                                <svg width=\"25\" height=\"25\" viewbox=\"0 0 25 25\" fill=\"none\"\r\n                                    xmlns=\"http:\/\/www.w3.org\/2000\/svg\">\r\n                                    <circle cx=\"12.5\" cy=\"12.5\" r=\"12.5\" fill=\"#36DB9F\" \/>\r\n                                    <g>\r\n                                        <path\r\n                                            d=\"M11.8363 18.7066C12.2244 19.0994 13.0886 18.9692 13.1817 18.3516C13.7607 14.5175 16.6577 11.2829 18.85 8.23494C19.4579 7.39031 18.0602 6.58795 17.4602 7.42252C15.4568 10.2075 12.9317 13.138 11.9439 16.5174C10.815 15.3637 9.68161 14.221 8.41548 13.2072C7.61364 12.5649 6.46665 13.6965 7.27713 14.3455C8.92674 15.6668 10.3523 17.2076 11.8363 18.7066Z\"\r\n                                            fill=\"white\" \/>\r\n                                    <\/g>\r\n                                    <defs>\r\n                                        <clippath>\r\n                                            <rect width=\"12\" height=\"12\" fill=\"white\" transform=\"translate(7 7)\" \/>\r\n                                        <\/clippath>\r\n                                    <\/defs>\r\n                                <\/svg>\r\n                                <span> V\u1edbi \u0111\u1ed9i ng\u0169 chuy\u00ean gia gi\u00e0u kinh nghi\u1ec7m, DIGISO cam k\u1ebft mang \u0111\u1ebfn nh\u1eefng gi\u1ea3i ph\u00e1p to\u00e0n di\u1ec7n, hi\u1ec7u qu\u1ea3, gi\u00fap doanh nghi\u1ec7p ph\u00e1t tri\u1ec3n v\u00e0 c\u1ea1nh tranh tr\u00ean th\u1ecb tr\u01b0\u1eddng to\u00e0n c\u1ea7u.<\/span>\r\n                            <\/li>\r\n                                                    <\/ul>\r\n                                                                            <\/div>\r\n                                                <ul class=\"list_buttons\">\r\n                                            <li class=\"one\">\r\n                            <a class=\"theme_btn\" href=\"https:\/\/digiso.vn\/\" target=\"_blank\" rel=\"noopener\">\r\n                                Th\u00f4ng tin chi ti\u1ebft                            <\/a>\r\n                        <\/li>\r\n                                                        <\/ul>\r\n                                <\/div>\r\n            <\/div>\r\n        <\/div>\r\n                         <\/div>\r\n      <\/div> \r\n \r\n   <\/div>\r\n<\/section>\r\n\r\n\r\n\t\t\t\t<\/div>\n\t\t\t\t<\/div>\n\t\t\t\t\t<\/div>\n\t\t<\/div>\n\t\t\t\t\t<\/div>\n\t\t<\/section>\n\t\t\t\t<\/div>","protected":false},"excerpt":{"rendered":"<p>PARTNER LOVINBOT \u0110\u1ed1i t\u00e1c \u0111\u01b0\u1ee3c \u1ee7y quy\u1ec1n tri\u1ec3n khai d\u1ecbch v\u1ee5 LovinBot AI \u0110\u1ed1i t\u00e1c n\u1ed5i b\u1eadt C\u00d4NG TY TNHH GI\u1ea2I PH\u00c1P S\u1ed0 DIGISO DIGISO l\u00e0 m\u1ed9t c\u00f4ng ty chuy\u00ean v\u1ec1 qu\u1ea3n l\u00fd t\u00e0i s\u1ea3n tr\u00ed tu\u1ec7 v\u00e0 t\u00e0i s\u1ea3n s\u1ed1, v\u1edbi s\u1ee9 m\u1ec7nh h\u1ed7 tr\u1ee3 c\u00e1c doanh nghi\u1ec7p b\u1ea3o v\u1ec7 quy\u1ec1n s\u1edf h\u1eefu tr\u00ed [&hellip;]<\/p>","protected":false},"author":1,"featured_media":6159,"parent":0,"menu_order":0,"comment_status":"closed","ping_status":"closed","template":"template-homepage.php","meta":{"footnotes":""},"class_list":["post-2980","page","type-page","status-publish","has-post-thumbnail","hentry"],"_links":{"self":[{"href":"https:\/\/lovinbot.ai\/en\/wp-json\/wp\/v2\/pages\/2980","targetHints":{"allow":["GET"]}}],"collection":[{"href":"https:\/\/lovinbot.ai\/en\/wp-json\/wp\/v2\/pages"}],"about":[{"href":"https:\/\/lovinbot.ai\/en\/wp-json\/wp\/v2\/types\/page"}],"author":[{"embeddable":true,"href":"https:\/\/lovinbot.ai\/en\/wp-json\/wp\/v2\/users\/1"}],"replies":[{"embeddable":true,"href":"https:\/\/lovinbot.ai\/en\/wp-json\/wp\/v2\/comments?post=2980"}],"version-history":[{"count":49,"href":"https:\/\/lovinbot.ai\/en\/wp-json\/wp\/v2\/pages\/2980\/revisions"}],"predecessor-version":[{"id":6635,"href":"https:\/\/lovinbot.ai\/en\/wp-json\/wp\/v2\/pages\/2980\/revisions\/6635"}],"wp:featuredmedia":[{"embeddable":true,"href":"https:\/\/lovinbot.ai\/en\/wp-json\/wp\/v2\/media\/6159"}],"wp:attachment":[{"href":"https:\/\/lovinbot.ai\/en\/wp-json\/wp\/v2\/media?parent=2980"}],"curies":[{"name":"wp","href":"https:\/\/api.w.org\/{rel}","templated":true}]}}